{"id":37,"date":"2022-05-10T21:23:03","date_gmt":"2022-05-10T19:23:03","guid":{"rendered":"https:\/\/sifry.mojedino.cz\/zvikov\/?page_id=37"},"modified":"2023-08-17T10:22:30","modified_gmt":"2023-08-17T08:22:30","slug":"o-hre","status":"publish","type":"page","link":"https:\/\/sifry.mojedino.cz\/zvikov\/o-hre\/","title":{"rendered":"O h\u0159e"},"content":{"rendered":"<div class=\"lazyblock-cryptorace-perex-Z1moR8o wp-block-lazyblock-cryptorace-perex\"><div class=\"row mb-4\">\n    <div class=\"col col-lg-10 col-xxl-8 offset-lg-1 offset-xxl-2 text-perex\">\n        <p><strong>Nevysv\u011btliteln\u00e9 jevy<\/strong>\u00a0se nap\u0159\u00ed\u010d histori\u00ed odehr\u00e1vaj\u00ed v jednom z nejnav\u0161t\u011bvovan\u011bj\u0161\u00edch hrad\u016f \u010cesk\u00e9 republiky. <strong>V\u00a0idylick\u00e9 krajin\u011b Orlick\u00e9 p\u0159ehrady, na soutoku Vltavy s Otavou, stoj\u00ed hrad Zv\u00edkov<\/strong>. Hrad tak nen\u00ed jen vyhled\u00e1vanou turistickou atrakc\u00ed, ale tak\u00e9 p\u0159edm\u011btem dohad\u016f a z\u00e1jmu z\u00e1hadolog\u016f, historik\u016f a dal\u0161\u00edch dobrodruh\u016f.\u00a0<\/p>    <\/div>\n<\/div>\n<\/div>\n\n<div class=\"lazyblock-cryptorace-text-Z12CefC wp-block-lazyblock-cryptorace-text\"><div class=\"row\">\n    <div class=\"col col-md-7 col-lg-6 col-xxl-5 offset-lg-1 offset-xxl-2\">\n        <p><strong>Badatelka Vy\u0301znamn\u00e9ho vy\u0301zkumn\u00e9ho \u00fastavu Julie \u0160t\u011bp\u00e1nov\u00e1 se zaby\u0301v\u00e1 z\u00e1hadologi\u00ed.<\/strong> V libereck\u00e9 pobo\u010dce tohoto \u00fastavu se v\u011bnuje paranorm\u00e1ln\u00edm jev\u016fm. Ji\u017e od d\u011btstv\u00ed jezd\u00ed ka\u017ed\u00e9 l\u00e9to na Orlickou p\u0159ehradu ke Zv\u00edkovu k babi\u010dce. Nem\u016f\u017eeme se tedy divit, \u017ee ji v<strong>elmi zaujala zm\u00ednka o n\u00e1lezu podivn\u00e9ho p\u0159edm\u011btu<\/strong>, kterou objevila v rubrice \u201eTajemstv\u00ed z p\u016fdy\u201c m\u00edstn\u00edho pl\u00e1tku Zv\u00edkovsk\u00e9 zpr\u00e1vy.<\/p>\n<p>V posledn\u00edch letech se st\u00e1valo, \u017ee byla hladina Orl\u00edku n\u00ed\u017e ne\u017e obvykle a pokles vody tak odhalil zbytky zatopeny\u0301ch obc\u00ed a staveb. V z\u00e1krut\u011b u Svat\u00e9 Anny mezi kameny <strong>na\u0161el m\u00edstn\u00ed ryb\u00e1\u0159 vy\u0159ez\u00e1vanou dubovou schr\u00e1nku<\/strong> a podle zm\u00ednky v novin\u00e1ch ji p\u0159edal zv\u00edkovsk\u00e9mu kronik\u00e1\u0159i.<\/p>\n<p>Julie znala zdej\u0161\u00ed hrad z d\u011btstv\u00ed, prol\u00e9zala zv\u00edkovsk\u00e9 keltsk\u00e9 hradi\u0161t\u011b a zkoumala okol\u00ed hradu. Ostatn\u011b pr\u00e1v\u011b odtud pramen\u00ed Juliin z\u00e1jem o z\u00e1hady. Sly\u0301chala tu o zv\u00edkovsk\u00e9m Rar\u00e1\u0161kovi, o neobvykly\u0301ch reakc\u00edch elektronicky\u0301ch p\u0159\u00edstroj\u016f v korunn\u00ed s\u00edni, s kamar\u00e1dem tu lu\u0161tili tajupln\u00e9 zednick\u00e9 zna\u010dky na Hl\u00edzov\u00e9 v\u011b\u017ei, b\u011bhem studi\u00ed Julie \u010detla o p\u0159emyslovsky\u0301ch korunova\u010dn\u00edch klenotech ukryty\u0301ch v dlouhy\u0301ch chodb\u00e1ch. Je mo\u017en\u00e9, \u017ee tento n\u00e1lez kone\u010dn\u011b v\u0161echny zv\u00edkovsk\u00e9 z\u00e1hady vy\u0159e\u0161\u00ed?<\/p>\n<p><strong>Julie okam\u017eit\u011b zavolala zv\u00edkovsk\u00e9mu kronik\u00e1\u0159i s t\u00edm, \u017ee by r\u00e1da byla u otev\u00edr\u00e1n\u00ed schr\u00e1nky&#8230;<\/strong><\/p>\n<p><strong>Otev\u0159ete i vy hern\u00ed krabi\u010dku a u\u017eijte si po\u0159\u00e1dnou \u0161ifrovac\u00ed hru na doma.<\/strong> Tedy spole\u010dn\u00e9 lu\u0161t\u011bn\u00ed z\u00e1ludn\u00fdch \u00fakol\u016f, u kter\u00fdch rozhodn\u011b plat\u00ed, \u017ee v\u00edc hlav v\u00edc vymysl\u00ed.<\/p>\n<p>Celou hrou v\u00e1s provede propracovan\u00fd online hern\u00ed syst\u00e9m.<\/p>\n<p><strong>Pozor!<\/strong> Hra je vytvo\u0159ena jako jednor\u00e1zov\u00e1 (p\u0159edpokl\u00e1d\u00e1me, \u017ee budete b\u011bhem hry ps\u00e1t do hern\u00edch materi\u00e1l\u016f). Pokud ji budete cht\u00edt hr\u00e1t opakovan\u011b \u010di ji poslat d\u00e1le n\u011bkomu jin\u00e9mu, ud\u011blejte si p\u0159ed hrou kopii materi\u00e1l\u016f a po h\u0159e m\u016f\u017eete vyu\u017e\u00edt mo\u017enost dokoupit od <a href=\"https:\/\/www.mojedino.cz\/sifry-hradu-zvikova-doplnkovy-kod.html\" target=\"_blank\" rel=\"noopener\">DINO<\/a> \u010di <a href=\"https:\/\/trails.cryptomania.cz\/product\/sifry-hradu-zvikova-registrace-navic\/\" target=\"_blank\" rel=\"noopener\">Cryptomania<\/a> nov\u00fd registra\u010dn\u00ed k\u00f3d. Ten v\u00e1m umo\u017en\u00ed zaregistrovat nov\u00fd t\u00fdm a hr\u00e1t znovu.<\/p>    <\/div>\n<\/div>\n<\/div>\n\n<div class=\"lazyblock-cryptorace-two-cols-box-ApXt2 wp-block-lazyblock-cryptorace-two-cols-box\"><div class=\"row mb-3\">\n    <div class=\"col col-md-6 col-lg-5 col-xxl-4 offset-lg-1 offset-xxl-2\">\n        <h2>Hra obsahuje:<\/h2>\n<ul>\n<li>P\u0159\u00edstupov\u00e9 \u00fadaje do online hern\u00edho syst\u00e9mu,<\/li>\n<li>6 hern\u00edch \u017eeton\u016f,<\/li>\n<li>6 ob\u00e1lek se zad\u00e1n\u00edm \u00fakol\u016f,<\/li>\n<li>1 pravidla.<\/li>\n<\/ul>    <\/div>\n    <div class=\"col-12 col-md-6 col-lg-5 col-xxl-4\">\n        <div class=\"bg-box1 p-4 mb-3\">\n            <p><img loading=\"lazy\" decoding=\"async\" width=\"627\" height=\"334\" class=\"alignnone size-full wp-image-145 img-fluid\" src=\"https:\/\/sifry.mojedino.cz\/zvikov\/wp-content\/uploads\/sites\/3\/2022\/07\/materialy.png\" alt=\"\" srcset=\"https:\/\/sifry.mojedino.cz\/zvikov\/wp-content\/uploads\/sites\/3\/2022\/07\/materialy.png 627w, https:\/\/sifry.mojedino.cz\/zvikov\/wp-content\/uploads\/sites\/3\/2022\/07\/materialy-300x160.png 300w\" sizes=\"auto, (max-width: 627px) 100vw, 627px\" \/><\/p>        <\/div>\n    <\/div>\n<\/div>\n<\/div>","protected":false},"excerpt":{"rendered":"","protected":false},"author":2,"featured_media":0,"parent":0,"menu_order":0,"comment_status":"closed","ping_status":"closed","template":"","meta":{"footnotes":""},"class_list":["post-37","page","type-page","status-publish","hentry"],"_links":{"self":[{"href":"https:\/\/sifry.mojedino.cz\/zvikov\/wp-json\/wp\/v2\/pages\/37","targetHints":{"allow":["GET"]}}],"collection":[{"href":"https:\/\/sifry.mojedino.cz\/zvikov\/wp-json\/wp\/v2\/pages"}],"about":[{"href":"https:\/\/sifry.mojedino.cz\/zvikov\/wp-json\/wp\/v2\/types\/page"}],"author":[{"embeddable":true,"href":"https:\/\/sifry.mojedino.cz\/zvikov\/wp-json\/wp\/v2\/users\/2"}],"replies":[{"embeddable":true,"href":"https:\/\/sifry.mojedino.cz\/zvikov\/wp-json\/wp\/v2\/comments?post=37"}],"version-history":[{"count":16,"href":"https:\/\/sifry.mojedino.cz\/zvikov\/wp-json\/wp\/v2\/pages\/37\/revisions"}],"predecessor-version":[{"id":272,"href":"https:\/\/sifry.mojedino.cz\/zvikov\/wp-json\/wp\/v2\/pages\/37\/revisions\/272"}],"wp:attachment":[{"href":"https:\/\/sifry.mojedino.cz\/zvikov\/wp-json\/wp\/v2\/media?parent=37"}],"curies":[{"name":"wp","href":"https:\/\/api.w.org\/{rel}","templated":true}]}}