{"id":8,"date":"2023-06-01T12:27:56","date_gmt":"2023-06-01T10:27:56","guid":{"rendered":"https:\/\/sifry.mojedino.cz\/ostrov\/?page_id=8"},"modified":"2026-03-03T11:24:37","modified_gmt":"2026-03-03T10:24:37","slug":"kontakt","status":"publish","type":"page","link":"https:\/\/sifry.mojedino.cz\/ostrov\/kontakt\/","title":{"rendered":"Kontakt"},"content":{"rendered":"<div class=\"row justify-content-center lazyblock-cryptomania-basic-column-1y1013 wp-block-lazyblock-cryptomania-basic-column\">\n        <div class=\"col col-lg-10 col-xl-8 col-xxl-8\">\n            <div class=\"row\">\n                \n\n<p class=\"is-style-text-perex text-perex\">Pokud naraz\u00edte na probl\u00e9m, se kter\u00fdm si nem\u016f\u017eete poradit, nev\u00e1hejte n\u00e1s kontaktovat. R\u00e1di v\u00e1m pom\u016f\u017eeme (samoz\u0159ejm\u011b s\u00a0v\u00fdjimkou \u0159e\u0161en\u00ed jednotliv\u00fdch \u00fakol\u016f).<\/p>\n\n\n\n<p class=\"is-style-text-perex text-perex\"><strong>Vydavatel hry<\/strong> v\u00e1m r\u00e1d pom\u016f\u017ee s p\u0159\u00edpadn\u00fdmi chyb\u011bj\u00edc\u00edmi <strong>komponenty<\/strong> nebo s probl\u00e9my t\u00fdkaj\u00edc\u00ed se fyzick\u00fdch <strong>materi\u00e1l\u016f<\/strong>.<br><strong>Autory hry<\/strong> kontaktuje ohledn\u011b jak\u00fdchkoliv z\u00e1drhel\u016f s <strong>hern\u00edm syst\u00e9mem<\/strong>, <strong>registra\u010dn\u00edmi<\/strong> <strong>k\u00f3dy<\/strong>, <strong>ztracen\u00fdm heslem<\/strong> apod.<\/p>\n\n\n            <\/div>\n        <\/div>\n    <\/div>\n\n<div class=\"row justify-content-center lazyblock-cryptomania-text-column-1E5x3i wp-block-lazyblock-cryptomania-text-column\">\n        <div class=\"col col-lg-10 col-xl-8 col-xxl-8\">\n            <div class=\"row\">\n                <div class=\"col-12 col-lg-8 text-bigger mb-3 mt-2\">\n                    \n\n<p class=\"\">Hru pro v\u00e1s s&nbsp;l\u00e1skou p\u0159ipravili lid\u00e9 ze spole\u010dnost\u00ed <a href=\"https:\/\/www.dinotoys.cz\/\" target=\"_blank\" rel=\"noreferrer noopener\">Dino Toys<\/a>&nbsp;a <a href=\"https:\/\/www.cryptomania.cz\/\">Cryptomania<\/a>.<\/p>\n\n\n                <\/div>\n            <\/div>\n        <\/div>\n    <\/div>\n\n<div class=\"lazyblock-cryptorace-contact-29iSLw wp-block-lazyblock-cryptorace-contact\"><div class=\"row mt-3 row justify-content-center\">\n    <div class=\"col-12 col-md-4 col-lg-4 col-xxl-3\">\n        <h2 class=\"mb-3\">Vydavatel hry<\/h2>\n        <ul>\n            <li><strong>Dino Toys s. r. o.<\/strong><\/li>\n            <li><i class=\"fa-solid fa-phone-volume\"><\/i> &nbsp; <a\n                        href=\"tel:+420 774 555 980\">+420 774 555 980<\/a>\n            <\/li>\n            <li><i class=\"fa-regular fa-envelope\"><\/i> &nbsp; <a\n                        href=\"mailto:madzarova@dinotoys.cz\">madzarova@dinotoys.cz<\/a>\n            <\/li>\n        <\/ul>\n    <\/div>\n    <div class=\"col col-md-8 col-lg-6 col-xxl-5 text-center border-bottom pt-5\">\n        <img decoding=\"async\" src=\"https:\/\/sifry.mojedino.cz\/ostrov\/wp-content\/uploads\/sites\/4\/2023\/06\/Skupinka-Dino_7-1.png\"\n                 alt=\"Dino Toys s. r. o.\" title=\"Dino Toys s. r. o.\"\n                 class=\"img-fluid\" style=\"max-height: 400px;\">\n    <\/div>\n<\/div>\n<\/div>\n\n<div class=\"row justify-content-center lazyblock-cryptomania-text-column-Z1SxL8F wp-block-lazyblock-cryptomania-text-column\">\n        <div class=\"col col-lg-10 col-xl-8 col-xxl-8\">\n            <div class=\"row\">\n                <div class=\"col-12 col-lg-8 text-bigger mb-3 mt-2\">\n                    \n\n<p class=\"\">&nbsp;<\/p>\n\n\n                <\/div>\n            <\/div>\n        <\/div>\n    <\/div>\n\n<div class=\"lazyblock-cryptorace-contact-Z1h9Mjf wp-block-lazyblock-cryptorace-contact\"><div class=\"row mt-3 row justify-content-center\">\n    <div class=\"col-12 col-md-4 col-lg-4 col-xxl-3\">\n        <h2 class=\"mb-3\">Auto\u0159i hry<\/h2>\n        <ul>\n            <li><strong>T\u00fdm Cryptomania<\/strong><\/li>\n            <li><i class=\"fa-solid fa-phone-volume\"><\/i> &nbsp; <a\n                        href=\"tel:+420 773 723 443\">+420 773 723 443<\/a>\n            <\/li>\n            <li><i class=\"fa-regular fa-envelope\"><\/i> &nbsp; <a\n                        href=\"mailto:hry@cryptomania.cz\">hry@cryptomania.cz<\/a>\n            <\/li>\n        <\/ul>\n    <\/div>\n    <div class=\"col col-md-8 col-lg-6 col-xxl-5 text-center border-bottom pt-5\">\n        <img decoding=\"async\" src=\"https:\/\/sifry.mojedino.cz\/ostrov\/wp-content\/uploads\/sites\/4\/2023\/06\/cryptoteam-1.png\"\n                 alt=\"T\u00fdm Cryptomania\" title=\"T\u00fdm Cryptomania\"\n                 class=\"img-fluid\" style=\"max-height: 400px;\">\n    <\/div>\n<\/div>\n<\/div>","protected":false},"excerpt":{"rendered":"","protected":false},"author":2,"featured_media":0,"parent":0,"menu_order":0,"comment_status":"closed","ping_status":"closed","template":"","meta":{"footnotes":""},"class_list":["post-8","page","type-page","status-publish","hentry"],"_links":{"self":[{"href":"https:\/\/sifry.mojedino.cz\/ostrov\/wp-json\/wp\/v2\/pages\/8","targetHints":{"allow":["GET"]}}],"collection":[{"href":"https:\/\/sifry.mojedino.cz\/ostrov\/wp-json\/wp\/v2\/pages"}],"about":[{"href":"https:\/\/sifry.mojedino.cz\/ostrov\/wp-json\/wp\/v2\/types\/page"}],"author":[{"embeddable":true,"href":"https:\/\/sifry.mojedino.cz\/ostrov\/wp-json\/wp\/v2\/users\/2"}],"replies":[{"embeddable":true,"href":"https:\/\/sifry.mojedino.cz\/ostrov\/wp-json\/wp\/v2\/comments?post=8"}],"version-history":[{"count":7,"href":"https:\/\/sifry.mojedino.cz\/ostrov\/wp-json\/wp\/v2\/pages\/8\/revisions"}],"predecessor-version":[{"id":293,"href":"https:\/\/sifry.mojedino.cz\/ostrov\/wp-json\/wp\/v2\/pages\/8\/revisions\/293"}],"wp:attachment":[{"href":"https:\/\/sifry.mojedino.cz\/ostrov\/wp-json\/wp\/v2\/media?parent=8"}],"curies":[{"name":"wp","href":"https:\/\/api.w.org\/{rel}","templated":true}]}}