{"id":22,"date":"2023-06-01T12:33:13","date_gmt":"2023-06-01T10:33:13","guid":{"rendered":"https:\/\/sifry.mojedino.cz\/ostrov\/?page_id=22"},"modified":"2025-01-30T14:06:10","modified_gmt":"2025-01-30T13:06:10","slug":"pravidla","status":"publish","type":"page","link":"https:\/\/sifry.mojedino.cz\/ostrov\/pravidla\/","title":{"rendered":"Pravidla"},"content":{"rendered":"<div class=\"row justify-content-center lazyblock-cryptomania-basic-column-11HwLy wp-block-lazyblock-cryptomania-basic-column\">\n        <div class=\"col col-lg-10 col-xl-8 col-xxl-8\">\n            <div class=\"row\">\n                \n\n<p class=\"is-style-text-perex text-perex\">P\u0159idejte se k Pokimu, kter\u00fd pr\u00e1v\u011b p\u0159ilet\u011bl na Velikono\u010dn\u00ed ostrov p\u0159evz\u00edt si modrou krabi\u010dku se zvl\u00e1\u0161tn\u00edmi ob\u00e1lkami a velkou starou mapou. Poda\u0159\u00ed se v\u00e1m s Pokim odhalit z\u00e1hady rapanujsk\u00e9 kultury a historie?<\/p>\n\n\n            <\/div>\n        <\/div>\n    <\/div>\n\n<div class=\"row justify-content-center lazyblock-cryptomania-basic-column-23V6tk wp-block-lazyblock-cryptomania-basic-column\">\n        <div class=\"col col-lg-10 col-xl-8 col-xxl-8\">\n            <div class=\"row\">\n                \n<div class=\"col-12 col-lg-6 lazyblock-cryptomania-half-column-Z1RcV7y wp-block-lazyblock-cryptomania-half-column\">\n                <div class=\"lazyblock-inner-blocks\">\n\n<h2 class=\"wp-block-heading\">Co budete pot\u0159ebovat ke h\u0159e?<\/h2>\n\n\n\n<ol class=\"wp-block-list\">\n<li><strong>Po\u010d\u00edta\u010d, tablet nebo mobiln\u00ed telefon s p\u0159ipojen\u00edm k internetu.<\/strong><\/li>\n\n\n\n<li><strong>P\u0159ihla\u0161ovac\u00ed \u00fadaje do hern\u00edho syst\u00e9mu<\/strong>, kter\u00e9 z\u00edsk\u00e1te po registraci na str\u00e1nce hry.<\/li>\n\n\n\n<li><strong>Hern\u00ed krabi\u010dku se v\u0161\u00edm co obsahuje<\/strong>, zejm\u00e9na ob\u00e1lky se zad\u00e1n\u00edm jednotliv\u00fdch stanovi\u0161\u0165 (otev\u0159ete je teprve v okam\u017eiku, kdy k tomu budete vyzv\u00e1ni) a 6 kus\u016f hern\u00edch \u017eeton\u016f.<\/li>\n\n\n\n<li><strong>Psac\u00ed pot\u0159eby<\/strong> (nejsou sou\u010d\u00e1st\u00ed hry).<\/li>\n<\/ol>\n\n\n\n<h2 class=\"wp-block-heading\">P\u0159ihl\u00e1\u0161en\u00ed do hry<\/h2>\n\n\n\n<ol class=\"wp-block-list\">\n<li>Jd\u011bte na str\u00e1nky hry <a href=\"https:\/\/sifry.mojedino.cz\/ostrov\/registrace\">sifry.mojedino.cz\/ostrov\/registrace<\/a><\/li>\n\n\n\n<li><strong>Registrujte si sv\u016fj t\u00fdm<\/strong> a p\u0159ihlaste se do hry. <strong>K registraci budete pot\u0159ebovat k\u00f3d, kter\u00fd naleznete na karti\u010dce <\/strong>v hern\u00ed krabi\u010dce nebo kter\u00fd jste si dokoupili od <a href=\"https:\/\/www.mojedino.cz\/sifry-velikonocniho-ostrova-doplnkovy-kod.html\">DINO<\/a> \u010di <a href=\"https:\/\/trails.cryptomania.cz\/product\/sifry-velikonocniho-ostrova-registrace-navic\/\">Cryptomania<\/a>.<\/li>\n\n\n\n<li>Hra se spust\u00ed zad\u00e1n\u00edm p\u0159\u00edstupov\u00e9ho k\u00f3du <strong>OSTROV<\/strong>&nbsp;do prvn\u00edho stanovi\u0161t\u011b.<\/li>\n<\/ol>\n\n<\/div>\n    <\/div>\n\n<div class=\"col-12 col-lg-6 lazyblock-cryptomania-half-column-1F4SkD wp-block-lazyblock-cryptomania-half-column\">\n                <div class=\"lazyblock-inner-blocks\">\n<div class=\"bg-sidebox-light p-4 mb-3 rounded-4 lazyblock-cryptomania-gray-box-1sNtVC wp-block-lazyblock-cryptomania-gray-box\">\n                <div class=\"lazyblock-inner-blocks\">\n\n<figure class=\"wp-block-image size-full is-resized text-center\"><img loading=\"lazy\" decoding=\"async\" width=\"400\" height=\"616\" src=\"https:\/\/sifry.mojedino.cz\/ostrov\/wp-content\/uploads\/sites\/4\/2025\/01\/krabicka_pravidla.png\" alt=\"\" class=\"wp-image-282\" style=\"width:auto;height:470px\" srcset=\"https:\/\/sifry.mojedino.cz\/ostrov\/wp-content\/uploads\/sites\/4\/2025\/01\/krabicka_pravidla.png 400w, https:\/\/sifry.mojedino.cz\/ostrov\/wp-content\/uploads\/sites\/4\/2025\/01\/krabicka_pravidla-195x300.png 195w\" sizes=\"auto, (max-width: 400px) 100vw, 400px\" \/><\/figure>\n\n<\/div>\n    <\/div>\n<\/div>\n    <\/div>\n\n            <\/div>\n        <\/div>\n    <\/div>\n\n<div class=\"row justify-content-center lazyblock-cryptomania-text-column-25FGOw wp-block-lazyblock-cryptomania-text-column\">\n        <div class=\"col col-lg-10 col-xl-8 col-xxl-8\">\n            <div class=\"row\">\n                <div class=\"col-12 col-lg-8 text-bigger mb-3 mt-2\">\n                    \n\n<h2 class=\"wp-block-heading\">D\u016fle\u017eit\u00e1 pravidla<\/h2>\n\n\n\n<ul class=\"wp-block-list\">\n<li><strong>Hra obsahuje 9 \u00fakol\u016f.<\/strong> C\u00edlem je z\u00edskat co nejv\u011bt\u0161\u00ed po\u010det bod\u016f za jejich spln\u011bn\u00ed.<\/li>\n\n\n\n<li><strong>Hra nen\u00ed \u010dasov\u011b omezena.<\/strong> M\u016f\u017eete hr\u00e1t, jak dlouho budete cht\u00edt, ale nelze hr\u00e1t opakovan\u011b, k\u00f3d je funk\u010dn\u00ed pouze jednou.<\/li>\n\n\n\n<li><strong>\u00dakoly jsou se\u0159azeny za sebou.<\/strong> Teprve po vy\u0159e\u0161en\u00ed jednoho \u00fakolu je mo\u017en\u00e9 \u0159e\u0161it dal\u0161\u00ed.<\/li>\n\n\n\n<li>Zad\u00e1n\u00ed \u00fakolu z\u00edsk\u00e1te v\u017edy v hern\u00edm syst\u00e9mu, n\u011bkter\u00e9 \u00fakoly vy\u017eaduj\u00ed i pr\u00e1ci s dal\u0161\u00edmi hern\u00edmi materi\u00e1ly.<\/li>\n\n\n\n<li><strong>\u0158e\u0161en\u00edm ka\u017ed\u00e9ho stanovi\u0161t\u011b je jedno smyslupln\u00e9 \u010desk\u00e9<\/strong> <strong>slovo \u2013<\/strong> <strong>heslo<\/strong>, kter\u00e9 je zapot\u0159eb\u00ed vlo\u017eit do hern\u00edho syst\u00e9mu. To ov\u0161em neznamen\u00e1, \u017ee v\u00e1m nem\u016f\u017ee vyj\u00edt nap\u0159\u00edklad v\u011bta HESLO JE L\u00cdPA nebo HESLEM JE \u010cESK\u00dd N\u00c1RODN\u00cd STROM. V obou p\u0159\u00edpadech byste v\u0161ak m\u011bli zadat do hern\u00edho syst\u00e9mu pouze slovo L\u00cdPA.<\/li>\n\n\n\n<li>Pokud do syst\u00e9mu zad\u00e1te dv\u011b \u0161patn\u00e1 hesla po sob\u011b, dal\u0161\u00ed budete moci zadat a\u017e po uplynut\u00ed 2 minut.<\/li>\n\n\n\n<li>\u00dakoly spolu souvis\u00ed pouze p\u0159\u00edb\u011bhem, ka\u017ed\u00fd je pot\u0159eba \u0159e\u0161it samostatn\u011b.<\/li>\n\n\n\n<li>Ve h\u0159e pou\u017e\u00edv\u00e1me anglickou abecedu o 26 znac\u00edch (CH jsou 2 r\u016fzn\u00e1 p\u00edsmena).<\/li>\n<\/ul>\n\n\n\n<h2 class=\"wp-block-heading\">Bodov\u00e1n\u00ed<\/h2>\n\n\n\n<ul class=\"wp-block-list\">\n<li><strong>Za vy\u0159e\u0161en\u00ed \u00fakol\u016f z\u00edsk\u00e1v\u00e1te body.<\/strong><\/li>\n\n\n\n<li>Po\u010det z\u00edskan\u00fdch bod\u016f se li\u0161\u00ed podle toho, zda jste \u00fakol vy\u0159e\u0161ili bez pomoci, vzali si v hern\u00edm syst\u00e9mu n\u00e1pov\u011bdu \u010di si vy\u017e\u00e1dali \u0159e\u0161en\u00ed.\n<ul class=\"wp-block-list\">\n<li><strong>Vy\u0159e\u0161en\u00ed \u00fakolu znamen\u00e1 zisk 10 bod\u016f.<\/strong><\/li>\n\n\n\n<li>Pokud vyu\u017eijete <strong>n\u00e1pov\u011bdu<\/strong>, z\u00edsk\u00e1te po vy\u0159e\u0161en\u00ed <strong>pouze 5 bod\u016f.<\/strong><\/li>\n\n\n\n<li>Ka\u017ed\u00fd<strong> \u00fakol lze p\u0159esko\u010dit,<\/strong> pokud si vezmete \u0159e\u0161en\u00ed. <strong>Nez\u00edsk\u00e1te \u017e\u00e1dn\u00e9 body<\/strong>, ale m\u016f\u017eete ve h\u0159e pokra\u010dovat d\u00e1l.<\/li>\n<\/ul>\n<\/li>\n<\/ul>\n\n\n\n<h2 class=\"wp-block-heading\">P\u0159\u00edb\u011bh<\/h2>\n\n\n\n<p class=\"\">U jednotliv\u00fdch \u00fakol\u016f v\u00e1m bude syst\u00e9m po \u010d\u00e1stech odhalovat p\u0159\u00edb\u011bh hry. Text p\u0159\u00edb\u011bhu neobsahuje \u017e\u00e1dn\u00e9 \u0161ifry, ale informace z n\u011bj se b\u011bhem hry mohou dost hodit.<\/p>\n\n\n\n<h2 class=\"wp-block-heading\">Fair Play<\/h2>\n\n\n\n<p class=\"\">Neprozrazujte pros\u00edm \u0159e\u0161en\u00ed \u00fakol\u016f. Je t\u011b\u017ek\u00e9 si hru u\u017e\u00edt, pokud zn\u00e1te dop\u0159edu \u0159e\u0161en\u00ed jednotliv\u00fdch \u00fakol\u016f.<\/p>\n\n\n\n<p class=\"\">A to je v\u0161e, u\u017eijte si hru!<br><em>t\u00fdm Cryptomania a Dino Toys<\/em><\/p>\n\n\n                <\/div>\n            <\/div>\n        <\/div>\n    <\/div>","protected":false},"excerpt":{"rendered":"","protected":false},"author":2,"featured_media":0,"parent":0,"menu_order":0,"comment_status":"closed","ping_status":"closed","template":"","meta":{"footnotes":""},"class_list":["post-22","page","type-page","status-publish","hentry"],"_links":{"self":[{"href":"https:\/\/sifry.mojedino.cz\/ostrov\/wp-json\/wp\/v2\/pages\/22","targetHints":{"allow":["GET"]}}],"collection":[{"href":"https:\/\/sifry.mojedino.cz\/ostrov\/wp-json\/wp\/v2\/pages"}],"about":[{"href":"https:\/\/sifry.mojedino.cz\/ostrov\/wp-json\/wp\/v2\/types\/page"}],"author":[{"embeddable":true,"href":"https:\/\/sifry.mojedino.cz\/ostrov\/wp-json\/wp\/v2\/users\/2"}],"replies":[{"embeddable":true,"href":"https:\/\/sifry.mojedino.cz\/ostrov\/wp-json\/wp\/v2\/comments?post=22"}],"version-history":[{"count":9,"href":"https:\/\/sifry.mojedino.cz\/ostrov\/wp-json\/wp\/v2\/pages\/22\/revisions"}],"predecessor-version":[{"id":286,"href":"https:\/\/sifry.mojedino.cz\/ostrov\/wp-json\/wp\/v2\/pages\/22\/revisions\/286"}],"wp:attachment":[{"href":"https:\/\/sifry.mojedino.cz\/ostrov\/wp-json\/wp\/v2\/media?parent=22"}],"curies":[{"name":"wp","href":"https:\/\/api.w.org\/{rel}","templated":true}]}}