{"id":143,"date":"2022-05-24T10:09:31","date_gmt":"2022-05-24T08:09:31","guid":{"rendered":"https:\/\/sifry.mojedino.cz\/afrika\/?page_id=143"},"modified":"2023-08-17T10:21:26","modified_gmt":"2023-08-17T08:21:26","slug":"pravidla","status":"publish","type":"page","link":"https:\/\/sifry.mojedino.cz\/afrika\/pravidla\/","title":{"rendered":"Pravidla"},"content":{"rendered":"<div class=\"lazyblock-cryptorace-perex-Z2rjYvG wp-block-lazyblock-cryptorace-perex\"><div class=\"row mb-4\">\n    <div class=\"col col-lg-10 col-xxl-8 offset-lg-1 offset-xxl-2 text-perex\">\n        <p><strong>Emil Holub byl jedn\u00edm z na\u0161ich nejslavn\u011bj\u0161\u00edch cestovatel\u016f.<\/strong> A ji\u017en\u00ed Afrika je m\u00edsto, kde na dobrodruhy \u010dek\u00e1 \u0159ada neobvykl\u00fdch p\u0159ekvapen\u00ed. P\u0159idejte se k Emilov\u011b druh\u00e9 expedici.<strong> Sta\u0148te se sou\u010d\u00e1st\u00ed p\u0159\u00edb\u011bhu a pomozte mu naj\u00edt cestu dom\u016f.<\/strong><\/p>    <\/div>\n<\/div>\n<\/div>\n\n<div class=\"lazyblock-cryptorace-two-cols-box-Z2sFNAK wp-block-lazyblock-cryptorace-two-cols-box\"><div class=\"row mb-3\">\n    <div class=\"col col-md-6 col-lg-5 col-xxl-4 offset-lg-1 offset-xxl-2\">\n        <h2>Co budete pot\u0159ebovat ke h\u0159e?<\/h2>\n<ol>\n<li><strong>Po\u010d\u00edta\u010d, tablet nebo mobiln\u00ed telefon s p\u0159ipojen\u00edm k internetu.<\/strong><\/li>\n<li><strong>P\u0159ihla\u0161ovac\u00ed \u00fadaje do hern\u00edho syst\u00e9mu<\/strong>, kter\u00e9 z\u00edsk\u00e1te po registraci na str\u00e1nce hry.<\/li>\n<li><strong>Hern\u00ed krabi\u010dku se v\u0161\u00edm co obsahuje<\/strong>, zejm\u00e9na tedy mapu ji\u017en\u00ed Afriky, ob\u00e1lky se zad\u00e1n\u00edm jednotliv\u00fdch stanovi\u0161\u0165 (otev\u0159ete je teprve v okam\u017eiku, kdy k tomu budete vyzv\u00e1ni) a 5 kus\u016f hern\u00edch \u017eeton\u016f.<\/li>\n<li><strong>Psac\u00ed pot\u0159eby<\/strong> (nejsou sou\u010d\u00e1st\u00ed hry).<\/li>\n<\/ol>\n<h2>P\u0159ihl\u00e1\u0161en\u00ed do hry<\/h2>\n<ol>\n<li>Jd\u011bte na str\u00e1nky hry <a href=\"https:\/\/sifry.mojedino.cz\/afrika\/registrace\">sifry.mojedino.cz\/afrika\/registrace<\/a><\/li>\n<li><strong>Registrujte si sv\u016fj ty\u0301m<\/strong> a p\u0159ihlaste se do hry. <strong>K registraci budete pot\u0159ebovat k\u00f3d, ktery\u0301 naleznete na karti\u010dce <\/strong>v hern\u00ed krabi\u010dce nebo kter\u00fd jste si dokoupili od <a href=\"https:\/\/www.mojedino.cz\/sifry-emila-holuba-doplnkovy-kod.html\" target=\"_blank\" rel=\"noopener\">DINO<\/a> \u010di <a href=\"https:\/\/trails.cryptomania.cz\/product\/sifry-emila-holuba-registrace-navic\/\" target=\"_blank\" rel=\"noopener\">Cryptomania<\/a>.<\/li>\n<li>Hra se spust\u00ed zad\u00e1n\u00edm p\u0159\u00edstupov\u00e9ho k\u00f3du <strong>AFRIKA<\/strong> do prvn\u00edho stanovi\u0161t\u011b.<\/li>\n<\/ol>    <\/div>\n    <div class=\"col-12 col-md-6 col-lg-5 col-xxl-4\">\n        <div class=\"bg-box1 p-4 mb-3\">\n            <p><img loading=\"lazy\" decoding=\"async\" class=\"img-fluid mx-auto d-block alignnone wp-image-158\" src=\"https:\/\/sifry.mojedino.cz\/afrika\/wp-content\/uploads\/sites\/2\/2022\/05\/krabicka-emil-1.png\" alt=\"Emil Holub\" width=\"305\" height=\"470\" srcset=\"https:\/\/sifry.mojedino.cz\/afrika\/wp-content\/uploads\/sites\/2\/2022\/05\/krabicka-emil-1.png 400w, https:\/\/sifry.mojedino.cz\/afrika\/wp-content\/uploads\/sites\/2\/2022\/05\/krabicka-emil-1-195x300.png 195w\" sizes=\"auto, (max-width: 305px) 100vw, 305px\" \/><\/p>        <\/div>\n    <\/div>\n<\/div>\n<\/div>\n\n<div class=\"lazyblock-cryptorace-text-ZvtdVB wp-block-lazyblock-cryptorace-text\"><div class=\"row\">\n    <div class=\"col col-md-7 col-lg-6 col-xxl-5 offset-lg-1 offset-xxl-2\">\n        <h2>D\u016fle\u017eit\u00e1 pravidla<\/h2>\n<ul>\n<li><strong>Hra obsahuje 9 \u00fakol\u016f.<\/strong> C\u00edlem je z\u00edskat co nejv\u011bt\u0161\u00ed po\u010det bod\u016f za jejich spln\u011bn\u00ed.<\/li>\n<li><strong>Hra nen\u00ed \u010dasov\u011b omezena.<\/strong> M\u016f\u017eete hr\u00e1t, jak dlouho budete cht\u00edt, ale nelze hr\u00e1t opakovan\u011b, k\u00f3d je funk\u010dn\u00ed pouze jednou.<\/li>\n<li><strong>\u00dakoly jsou se\u0159azeny za sebou.<\/strong> Teprve po vy\u0159e\u0161en\u00ed jednoho \u00fakolu je mo\u017en\u00e9 \u0159e\u0161it dal\u0161\u00ed.<\/li>\n<li>Zad\u00e1n\u00ed \u00fakolu z\u00edsk\u00e1te v\u017edy v hern\u00edm syst\u00e9mu, n\u011bkter\u00e9 \u00fakoly vy\u017eaduj\u00ed i pr\u00e1ci s dal\u0161\u00edmi hern\u00edmi materi\u00e1ly.<\/li>\n<li><strong>\u0158e\u0161en\u00edm ka\u017ed\u00e9ho stanovi\u0161t\u011b je jedno smyslupln\u00e9 \u010desk\u00e9<\/strong> (v jednom p\u0159\u00edpad\u011b latinsk\u00e9; na tuto skute\u010dnost v\u00e1s upozorn\u00edme) <strong>slovo \u2013<\/strong> <strong>heslo<\/strong>, kter\u00e9 je zapot\u0159eb\u00ed vlo\u017eit do hern\u00edho syst\u00e9mu. To ov\u0161em neznamen\u00e1, \u017ee v\u00e1m nem\u016f\u017ee vyj\u00edt nap\u0159\u00edklad v\u011bta HESLO JE L\u00cdPA nebo HESLEM JE \u010cESK\u00dd N\u00c1RODN\u00cd STROM. V obou p\u0159\u00edpadech byste v\u0161ak m\u011bli zadat do hern\u00edho syst\u00e9mu pouze slovo L\u00cdPA.<\/li>\n<li>Pokud do syst\u00e9mu zad\u00e1te dv\u011b \u0161patn\u00e1 hesla po sob\u011b, dal\u0161\u00ed budete moci zadat a\u017e po uplynut\u00ed 2 minut.<\/li>\n<li>\u00dakoly spolu souvis\u00ed pouze p\u0159\u00edb\u011bhem, ka\u017ed\u00fd je pot\u0159eba \u0159e\u0161it samostatn\u011b.<\/li>\n<li>Ve h\u0159e pou\u017e\u00edv\u00e1me anglickou abecedu o 26 znac\u00edch (CH jsou 2 r\u016fzn\u00e1 p\u00edsmena).<\/li>\n<\/ul>\n<h2>Bodov\u00e1n\u00ed<\/h2>\n<ul>\n<li><strong>Za vy\u0159e\u0161en\u00ed \u00fakol\u016f z\u00edsk\u00e1v\u00e1te body.<\/strong><\/li>\n<li>Po\u010det z\u00edskan\u00fdch bod\u016f se li\u0161\u00ed podle toho, zda jste \u00fakol vy\u0159e\u0161ili bez pomoci, vzali si v hern\u00edm syst\u00e9mu n\u00e1pov\u011bdu \u010di si vy\u017e\u00e1dali \u0159e\u0161en\u00ed.\n<ul>\n<li><strong>Vy\u0159e\u0161en\u00ed \u00fakolu znamen\u00e1 zisk 10 bod\u016f.<\/strong><\/li>\n<li>Pokud vyu\u017eijete <strong>n\u00e1pov\u011bdu<\/strong>, z\u00edsk\u00e1te po vy\u0159e\u0161en\u00ed <strong>pouze 5 bod\u016f.<\/strong><\/li>\n<li>Ka\u017ed\u00fd<strong> \u00fakol lze p\u0159esko\u010dit,<\/strong> pokud si vezmete \u0159e\u0161en\u00ed. <strong>Nez\u00edsk\u00e1te \u017e\u00e1dn\u00e9 body<\/strong>, ale m\u016f\u017eete ve h\u0159e pokra\u010dovat d\u00e1l.<\/li>\n<\/ul>\n<\/li>\n<\/ul>\n<h2>P\u0159\u00edb\u011bh<\/h2>\n<p>U jednotlivy\u0301ch \u00fakol\u016f v\u00e1m bude syst\u00e9m po \u010d\u00e1stech odhalovat p\u0159\u00edb\u011bh hry. Text p\u0159\u00edb\u011bhu neobsahuje \u017e\u00e1dn\u00e9 \u0161ifry, ale informace z n\u011bj se b\u011bhem hry mohou dost hodit.<\/p>\n<h2>Fair Play<\/h2>\n<p>Neprozrazujte pros\u00edm \u0159e\u0161en\u00ed \u00fakol\u016f. Je t\u011b\u017ek\u00e9 si hru u\u017e\u00edt, pokud zn\u00e1te dop\u0159edu \u0159e\u0161en\u00ed jednotlivy\u0301ch \u00fakol\u016f.<\/p>\n<p style=\"text-align: right;\">A to je v\u0161e, u\u017eijte si hru!<br \/><em>t\u00fdm Cryptomania a Dino Toys<\/em><\/p>    <\/div>\n<\/div>\n<\/div>","protected":false},"excerpt":{"rendered":"","protected":false},"author":2,"featured_media":0,"parent":0,"menu_order":0,"comment_status":"closed","ping_status":"closed","template":"","meta":{"footnotes":""},"class_list":["post-143","page","type-page","status-publish","hentry"],"_links":{"self":[{"href":"https:\/\/sifry.mojedino.cz\/afrika\/wp-json\/wp\/v2\/pages\/143","targetHints":{"allow":["GET"]}}],"collection":[{"href":"https:\/\/sifry.mojedino.cz\/afrika\/wp-json\/wp\/v2\/pages"}],"about":[{"href":"https:\/\/sifry.mojedino.cz\/afrika\/wp-json\/wp\/v2\/types\/page"}],"author":[{"embeddable":true,"href":"https:\/\/sifry.mojedino.cz\/afrika\/wp-json\/wp\/v2\/users\/2"}],"replies":[{"embeddable":true,"href":"https:\/\/sifry.mojedino.cz\/afrika\/wp-json\/wp\/v2\/comments?post=143"}],"version-history":[{"count":29,"href":"https:\/\/sifry.mojedino.cz\/afrika\/wp-json\/wp\/v2\/pages\/143\/revisions"}],"predecessor-version":[{"id":353,"href":"https:\/\/sifry.mojedino.cz\/afrika\/wp-json\/wp\/v2\/pages\/143\/revisions\/353"}],"wp:attachment":[{"href":"https:\/\/sifry.mojedino.cz\/afrika\/wp-json\/wp\/v2\/media?parent=143"}],"curies":[{"name":"wp","href":"https:\/\/api.w.org\/{rel}","templated":true}]}}