{"id":130,"date":"2022-05-24T09:30:17","date_gmt":"2022-05-24T07:30:17","guid":{"rendered":"https:\/\/sifry.mojedino.cz\/afrika\/?page_id=130"},"modified":"2023-08-17T10:22:55","modified_gmt":"2023-08-17T08:22:55","slug":"o-hre","status":"publish","type":"page","link":"https:\/\/sifry.mojedino.cz\/afrika\/o-hre\/","title":{"rendered":"O h\u0159e"},"content":{"rendered":"<div class=\"lazyblock-cryptorace-perex-2hDQcd wp-block-lazyblock-cryptorace-perex\"><div class=\"row mb-4\">\n    <div class=\"col col-lg-10 col-xxl-8 offset-lg-1 offset-xxl-2 text-perex\">\n        <p><strong>Zn\u00e1te Emila Holuba?<\/strong>\u00a0Ur\u010dit\u011b ano. Snad ka\u017ed\u00e9mu se po vysloven\u00ed tohoto jm\u00e9na obratem vybav\u00ed minim\u00e1ln\u011b jedno slovo. Afrika.\u00a0<strong>Jedn\u00e1 se o \u010desk\u00e9ho l\u00e9ka\u0159e, kter\u00fd se proslavil sv\u00fdmi objevitelsk\u00fdmi cestami na \u010dern\u00fd kontinent.<\/strong>\u00a0Ve sv\u00e9m \u017eivot\u011b vykonal pr\u00e1v\u011b dv\u011b velk\u00e9 expedice. A v roce 2022 slav\u00edme p\u0159esn\u011b 150 let od po\u010d\u00e1tku t\u00e9 prvn\u00ed z nich.<\/p>    <\/div>\n<\/div>\n<\/div>\n\n<div class=\"lazyblock-cryptorace-text-Z15A9C8 wp-block-lazyblock-cryptorace-text\"><div class=\"row\">\n    <div class=\"col col-md-7 col-lg-6 col-xxl-5 offset-lg-1 offset-xxl-2\">\n        <p>V letech 1883 a\u017e 1887 se doktor Emil Holub vypravil do Afriky podruh\u00e9. S sebou vzal mladou d\u00edvku R\u016f\u017eenu, kter\u00e1 se jen n\u011bkolik t\u00fddn\u016f p\u0159ed odjezdem stala jeho man\u017eelkou. A tak\u00e9 \u0161estici spolehliv\u00fdch spole\u010dn\u00edk\u016f.<\/p>\n<p>Z Hamburku do Kapsk\u00e9ho m\u011bsta vyplula osmi\u010dlenn\u00e1 v\u00fdprava.\u00a0<strong>Cel\u00e9 t\u0159i roky trvalo putov\u00e1n\u00ed a\u017e do m\u00edst, kam se do t\u00e9 doby \u017e\u00e1dn\u00fd b\u011bloch neodv\u00e1\u017eil<\/strong>\u00a0\u2013 k hranici tajemn\u00e9ho kmene Ma\u0161ukulumb\u016f.<\/p>\n<p>Na\u0161e hra vypr\u00e1v\u00ed p\u0159\u00edb\u011bh od okam\u017eiku p\u0159epaden\u00ed v\u00fdpravy domorodci a popisuje strasti n\u00e1vratu do bezpe\u010d\u00ed. P\u0159i vytv\u00e1\u0159en\u00ed hry jsme se sna\u017eili vyu\u017e\u00edt maximum skute\u010dn\u00fdch informac\u00ed o africk\u00e9m dobrodru\u017estv\u00ed, ale p\u0159izn\u00e1v\u00e1me se, \u017ee p\u0159\u00edb\u011bh jako celek je pouhou fikc\u00ed. Vypr\u00e1v\u011bn\u00ed m\u00e1 b\u00fdt oslavou odvahy a chytrosti \u010desk\u00e9ho \u010dlov\u011bka. Mo\u017en\u00e1 nen\u00ed p\u0159esn\u00fdm popisem fakt\u016f, ale i tak v\u00e1m prozrad\u00ed \u0159adu u\u017eite\u010dn\u00fdch informac\u00ed o v\u011bhlasn\u00e9m \u010desk\u00e9m cestovateli.<\/p>\n<p>Otev\u0159ete krabi\u010dku a u\u017eijte si po\u0159\u00e1dnou \u0161ifrovac\u00ed hru na doma. Tedy spole\u010dn\u00e9 lu\u0161t\u011bn\u00ed z\u00e1ludn\u00fdch \u00fakol\u016f, u kter\u00fdch rozhodn\u011b plat\u00ed, \u017ee v\u00edc hlav v\u00edc vymysl\u00ed. Celou hrou v\u00e1s provede propracovan\u00fd online hern\u00ed syst\u00e9m.<\/p>\n<p><strong>Pozor!<\/strong> Hra je vytvo\u0159ena jako jednor\u00e1zov\u00e1 (p\u0159edpokl\u00e1d\u00e1me, \u017ee budete b\u011bhem hry ps\u00e1t do hern\u00edch materi\u00e1l\u016f). Pokud ji budete cht\u00edt hr\u00e1t opakovan\u011b \u010di ji poslat d\u00e1le n\u011bkomu jin\u00e9mu, ud\u011blejte si p\u0159ed hrou kopii materi\u00e1l\u016f a po h\u0159e m\u016f\u017eete vyu\u017e\u00edt mo\u017enost dokoupit od <a href=\"https:\/\/www.mojedino.cz\/sifry-emila-holuba-doplnkovy-kod.html\" target=\"_blank\" rel=\"noopener\">DINO<\/a> \u010di <a href=\"https:\/\/trails.cryptomania.cz\/product\/sifry-emila-holuba-registrace-navic\/\" target=\"_blank\" rel=\"noopener\">Cryptomania<\/a> nov\u00fd registra\u010dn\u00ed k\u00f3d. Ten v\u00e1m umo\u017en\u00ed zaregistrovat nov\u00fd t\u00fdm a hr\u00e1t znovu.<\/p>    <\/div>\n<\/div>\n<\/div>\n\n<div class=\"lazyblock-cryptorace-two-cols-box-24ctAx wp-block-lazyblock-cryptorace-two-cols-box\"><div class=\"row mb-3\">\n    <div class=\"col col-md-6 col-lg-5 col-xxl-4 offset-lg-1 offset-xxl-2\">\n        <h2>Hra obsahuje:<\/h2>\n<ul>\n<li>P\u0159\u00edstupov\u00e9 \u00fadaje do online hern\u00edho syst\u00e9mu,<\/li>\n<li>1 hern\u00ed mapu ji\u017en\u00ed Afriky,<\/li>\n<li>5 \u017eeton\u016f zv\u00ed\u0159at,<\/li>\n<li>4 ob\u00e1lky se zad\u00e1n\u00edm \u00fakol\u016f,<\/li>\n<li>1 pravidla.<\/li>\n<\/ul>    <\/div>\n    <div class=\"col-12 col-md-6 col-lg-5 col-xxl-4\">\n        <div class=\"bg-box1 p-4 mb-3\">\n            <p><img loading=\"lazy\" decoding=\"async\" class=\"img-fluid d-block mx-auto alignnone wp-image-185 size-full\" src=\"https:\/\/sifry.mojedino.cz\/afrika\/wp-content\/uploads\/sites\/2\/2022\/05\/materialy.png\" alt=\"\" width=\"627\" height=\"300\" srcset=\"https:\/\/sifry.mojedino.cz\/afrika\/wp-content\/uploads\/sites\/2\/2022\/05\/materialy.png 627w, https:\/\/sifry.mojedino.cz\/afrika\/wp-content\/uploads\/sites\/2\/2022\/05\/materialy-300x144.png 300w\" sizes=\"auto, (max-width: 627px) 100vw, 627px\" \/><\/p>        <\/div>\n    <\/div>\n<\/div>\n<\/div>","protected":false},"excerpt":{"rendered":"","protected":false},"author":2,"featured_media":0,"parent":0,"menu_order":0,"comment_status":"closed","ping_status":"closed","template":"","meta":{"footnotes":""},"class_list":["post-130","page","type-page","status-publish","hentry"],"_links":{"self":[{"href":"https:\/\/sifry.mojedino.cz\/afrika\/wp-json\/wp\/v2\/pages\/130","targetHints":{"allow":["GET"]}}],"collection":[{"href":"https:\/\/sifry.mojedino.cz\/afrika\/wp-json\/wp\/v2\/pages"}],"about":[{"href":"https:\/\/sifry.mojedino.cz\/afrika\/wp-json\/wp\/v2\/types\/page"}],"author":[{"embeddable":true,"href":"https:\/\/sifry.mojedino.cz\/afrika\/wp-json\/wp\/v2\/users\/2"}],"replies":[{"embeddable":true,"href":"https:\/\/sifry.mojedino.cz\/afrika\/wp-json\/wp\/v2\/comments?post=130"}],"version-history":[{"count":10,"href":"https:\/\/sifry.mojedino.cz\/afrika\/wp-json\/wp\/v2\/pages\/130\/revisions"}],"predecessor-version":[{"id":354,"href":"https:\/\/sifry.mojedino.cz\/afrika\/wp-json\/wp\/v2\/pages\/130\/revisions\/354"}],"wp:attachment":[{"href":"https:\/\/sifry.mojedino.cz\/afrika\/wp-json\/wp\/v2\/media?parent=130"}],"curies":[{"name":"wp","href":"https:\/\/api.w.org\/{rel}","templated":true}]}}